{"id":1647,"date":"2025-02-27T12:07:55","date_gmt":"2025-02-27T17:07:55","guid":{"rendered":"https:\/\/kaluleriderprint.com\/?page_id=1647"},"modified":"2025-03-03T20:06:37","modified_gmt":"2025-03-04T01:06:37","slug":"servicios","status":"publish","type":"page","link":"https:\/\/kaluleriderprint.com\/index.php\/servicios\/","title":{"rendered":"Servicios"},"content":{"rendered":"\t\t<div data-elementor-type=\"wp-page\" data-elementor-id=\"1647\" class=\"elementor elementor-1647\" data-elementor-post-type=\"page\">\n\t\t\t\t\t\t<section class=\"elementor-section elementor-top-section elementor-element elementor-element-a8dceef elementor-section-stretched elementor-section-boxed elementor-section-height-default elementor-section-height-default\" data-id=\"a8dceef\" data-element_type=\"section\" data-settings=\"{&quot;background_background&quot;:&quot;gradient&quot;,&quot;stretch_section&quot;:&quot;section-stretched&quot;}\">\n\t\t\t\t\t\t<div class=\"elementor-container elementor-column-gap-default\">\n\t\t\t\t\t<div class=\"elementor-column elementor-col-100 elementor-top-column elementor-element elementor-element-36567def\" data-id=\"36567def\" data-element_type=\"column\">\n\t\t\t<div class=\"elementor-widget-wrap elementor-element-populated\">\n\t\t\t\t\t\t<div class=\"elementor-element elementor-element-53d773f1 elementor-invisible elementor-widget elementor-widget-heading\" data-id=\"53d773f1\" data-element_type=\"widget\" data-settings=\"{&quot;_animation&quot;:&quot;zoomIn&quot;}\" data-widget_type=\"heading.default\">\n\t\t\t\t<div class=\"elementor-widget-container\">\n\t\t\t\t\t<h3 class=\"elementor-heading-title elementor-size-default\">Dale visibilidad a tu marca con soluciones<\/h3>\t\t\t\t<\/div>\n\t\t\t\t<\/div>\n\t\t\t\t<div class=\"elementor-element elementor-element-d12923c elementor-invisible elementor-widget elementor-widget-heading\" data-id=\"d12923c\" data-element_type=\"widget\" data-settings=\"{&quot;_animation&quot;:&quot;zoomIn&quot;}\" data-widget_type=\"heading.default\">\n\t\t\t\t<div class=\"elementor-widget-container\">\n\t\t\t\t\t<h3 class=\"elementor-heading-title elementor-size-default\">personalizadas de alta calidad<\/h3>\t\t\t\t<\/div>\n\t\t\t\t<\/div>\n\t\t\t\t<div class=\"elementor-element elementor-element-a21f18c elementor-invisible elementor-widget elementor-widget-heading\" data-id=\"a21f18c\" data-element_type=\"widget\" data-settings=\"{&quot;_animation&quot;:&quot;zoomIn&quot;}\" data-widget_type=\"heading.default\">\n\t\t\t\t<div class=\"elementor-widget-container\">\n\t\t\t\t\t<h3 class=\"elementor-heading-title elementor-size-default\">Ofrecemos impresi\u00f3n digital, rotulaci\u00f3n y m\u00e1s para destacar tu negocio.<\/h3>\t\t\t\t<\/div>\n\t\t\t\t<\/div>\n\t\t\t\t\t<\/div>\n\t\t<\/div>\n\t\t\t\t\t<\/div>\n\t\t<\/section>\n\t\t\t\t<section class=\"elementor-section elementor-top-section elementor-element elementor-element-61eeda81 elementor-section-stretched elementor-section-boxed elementor-section-height-default elementor-section-height-default\" data-id=\"61eeda81\" data-element_type=\"section\" data-settings=\"{&quot;background_background&quot;:&quot;gradient&quot;,&quot;stretch_section&quot;:&quot;section-stretched&quot;}\">\n\t\t\t\t\t\t<div class=\"elementor-container elementor-column-gap-default\">\n\t\t\t\t\t<div class=\"elementor-column elementor-col-33 elementor-top-column elementor-element elementor-element-2c89382e\" data-id=\"2c89382e\" data-element_type=\"column\">\n\t\t\t<div class=\"elementor-widget-wrap elementor-element-populated\">\n\t\t\t\t\t\t<div class=\"elementor-element elementor-element-11fea73 elementor-widget elementor-widget-image\" data-id=\"11fea73\" data-element_type=\"widget\" data-widget_type=\"image.default\">\n\t\t\t\t<div class=\"elementor-widget-container\">\n\t\t\t\t\t\t\t\t\t\t\t\t\t\t\t<img fetchpriority=\"high\" decoding=\"async\" width=\"1024\" height=\"682\" src=\"https:\/\/kaluleriderprint.com\/wp-content\/uploads\/2025\/02\/Diseno-sin-titulo-1024x682.jpg\" class=\"elementor-animation-grow attachment-large size-large wp-image-1676\" alt=\"\" srcset=\"https:\/\/kaluleriderprint.com\/wp-content\/uploads\/2025\/02\/Diseno-sin-titulo-1024x682.jpg 1024w, https:\/\/kaluleriderprint.com\/wp-content\/uploads\/2025\/02\/Diseno-sin-titulo-300x200.jpg 300w, https:\/\/kaluleriderprint.com\/wp-content\/uploads\/2025\/02\/Diseno-sin-titulo-768x511.jpg 768w, https:\/\/kaluleriderprint.com\/wp-content\/uploads\/2025\/02\/Diseno-sin-titulo.jpg 1513w\" sizes=\"(max-width: 1024px) 100vw, 1024px\" \/>\t\t\t\t\t\t\t\t\t\t\t\t\t\t\t<\/div>\n\t\t\t\t<\/div>\n\t\t\t\t\t<\/div>\n\t\t<\/div>\n\t\t\t\t<div class=\"elementor-column elementor-col-33 elementor-top-column elementor-element elementor-element-2ddbefe\" data-id=\"2ddbefe\" data-element_type=\"column\">\n\t\t\t<div class=\"elementor-widget-wrap elementor-element-populated\">\n\t\t\t\t\t\t<div class=\"elementor-element elementor-element-72de73f elementor-widget elementor-widget-image\" data-id=\"72de73f\" data-element_type=\"widget\" data-widget_type=\"image.default\">\n\t\t\t\t<div class=\"elementor-widget-container\">\n\t\t\t\t\t\t\t\t\t\t\t\t\t\t\t<img decoding=\"async\" width=\"1024\" height=\"682\" src=\"https:\/\/kaluleriderprint.com\/wp-content\/uploads\/2025\/02\/Diseno-sin-titulo-1-1024x682.png\" class=\"elementor-animation-grow attachment-large size-large wp-image-1667\" alt=\"\" srcset=\"https:\/\/kaluleriderprint.com\/wp-content\/uploads\/2025\/02\/Diseno-sin-titulo-1-1024x682.png 1024w, https:\/\/kaluleriderprint.com\/wp-content\/uploads\/2025\/02\/Diseno-sin-titulo-1-300x200.png 300w, https:\/\/kaluleriderprint.com\/wp-content\/uploads\/2025\/02\/Diseno-sin-titulo-1-768x511.png 768w, https:\/\/kaluleriderprint.com\/wp-content\/uploads\/2025\/02\/Diseno-sin-titulo-1.png 1513w\" sizes=\"(max-width: 1024px) 100vw, 1024px\" \/>\t\t\t\t\t\t\t\t\t\t\t\t\t\t\t<\/div>\n\t\t\t\t<\/div>\n\t\t\t\t\t<\/div>\n\t\t<\/div>\n\t\t\t\t<div class=\"elementor-column elementor-col-33 elementor-top-column elementor-element elementor-element-d84d7ad\" data-id=\"d84d7ad\" data-element_type=\"column\">\n\t\t\t<div class=\"elementor-widget-wrap elementor-element-populated\">\n\t\t\t\t\t\t<div class=\"elementor-element elementor-element-aa95e6a elementor-widget elementor-widget-image\" data-id=\"aa95e6a\" data-element_type=\"widget\" data-widget_type=\"image.default\">\n\t\t\t\t<div class=\"elementor-widget-container\">\n\t\t\t\t\t\t\t\t\t\t\t\t\t\t\t<img decoding=\"async\" width=\"1024\" height=\"685\" src=\"https:\/\/kaluleriderprint.com\/wp-content\/uploads\/2025\/02\/Oferta-3-1024x685.png\" class=\"elementor-animation-grow attachment-large size-large wp-image-1735\" alt=\"\" srcset=\"https:\/\/kaluleriderprint.com\/wp-content\/uploads\/2025\/02\/Oferta-3-1024x685.png 1024w, https:\/\/kaluleriderprint.com\/wp-content\/uploads\/2025\/02\/Oferta-3-300x201.png 300w, https:\/\/kaluleriderprint.com\/wp-content\/uploads\/2025\/02\/Oferta-3-768x514.png 768w, https:\/\/kaluleriderprint.com\/wp-content\/uploads\/2025\/02\/Oferta-3.png 1194w\" sizes=\"(max-width: 1024px) 100vw, 1024px\" \/>\t\t\t\t\t\t\t\t\t\t\t\t\t\t\t<\/div>\n\t\t\t\t<\/div>\n\t\t\t\t\t<\/div>\n\t\t<\/div>\n\t\t\t\t\t<\/div>\n\t\t<\/section>\n\t\t\t\t<section class=\"elementor-section elementor-top-section elementor-element elementor-element-213c17bc elementor-section-stretched elementor-section-boxed elementor-section-height-default elementor-section-height-default\" data-id=\"213c17bc\" data-element_type=\"section\" data-settings=\"{&quot;background_background&quot;:&quot;gradient&quot;,&quot;stretch_section&quot;:&quot;section-stretched&quot;}\">\n\t\t\t\t\t\t\t<div class=\"elementor-background-overlay\"><\/div>\n\t\t\t\t\t\t\t<div class=\"elementor-container elementor-column-gap-no\">\n\t\t\t\t\t<div class=\"elementor-column elementor-col-100 elementor-top-column elementor-element elementor-element-24ead58\" data-id=\"24ead58\" data-element_type=\"column\">\n\t\t\t<div class=\"elementor-widget-wrap elementor-element-populated\">\n\t\t\t\t\t\t<section class=\"elementor-section elementor-inner-section elementor-element elementor-element-371a6c87 elementor-section-boxed elementor-section-height-default elementor-section-height-default elementor-invisible\" data-id=\"371a6c87\" data-element_type=\"section\" data-settings=\"{&quot;animation&quot;:&quot;fadeInUp&quot;}\">\n\t\t\t\t\t\t<div class=\"elementor-container elementor-column-gap-default\">\n\t\t\t\t\t<div class=\"elementor-column elementor-col-33 elementor-inner-column elementor-element elementor-element-49608680\" data-id=\"49608680\" data-element_type=\"column\">\n\t\t\t<div class=\"elementor-widget-wrap elementor-element-populated\">\n\t\t\t\t\t\t<div class=\"elementor-element elementor-element-47f9b77a elementor-widget elementor-widget-icon-box\" data-id=\"47f9b77a\" data-element_type=\"widget\" data-widget_type=\"icon-box.default\">\n\t\t\t\t<div class=\"elementor-widget-container\">\n\t\t\t\t\t\t\t<div class=\"elementor-icon-box-wrapper\">\n\n\t\t\t\n\t\t\t\t\t\t<div class=\"elementor-icon-box-content\">\n\n\t\t\t\t\t\t\t\t\t<h3 class=\"elementor-icon-box-title\">\n\t\t\t\t\t\t<span  >\n\t\t\t\t\t\t\tRotulaci\u00f3n Vehicular\t\t\t\t\t\t<\/span>\n\t\t\t\t\t<\/h3>\n\t\t\t\t\n\t\t\t\t\t\t\t\t\t<p class=\"elementor-icon-box-description\">\n\t\t\t\t\t\tEn <strong data-start=\"92\" data-end=\"126\">Kalule Rider<\/strong>, transformamos tu veh\u00edculo en una poderosa herramienta de marketing con dise\u00f1os impactantes y personalizados. Nuestro servicio de brandeo te permite destacar en las calles con gr\u00e1ficos de alta calidad, adaptados a la identidad de tu marca.<\/p>\t\t\t\t\t<\/p>\n\t\t\t\t\n\t\t\t<\/div>\n\t\t\t\n\t\t<\/div>\n\t\t\t\t\t\t<\/div>\n\t\t\t\t<\/div>\n\t\t\t\t\t<\/div>\n\t\t<\/div>\n\t\t\t\t<div class=\"elementor-column elementor-col-33 elementor-inner-column elementor-element elementor-element-2aebe411\" data-id=\"2aebe411\" data-element_type=\"column\">\n\t\t\t<div class=\"elementor-widget-wrap elementor-element-populated\">\n\t\t\t\t\t\t<div class=\"elementor-element elementor-element-481a25c elementor-widget elementor-widget-icon-box\" data-id=\"481a25c\" data-element_type=\"widget\" data-widget_type=\"icon-box.default\">\n\t\t\t\t<div class=\"elementor-widget-container\">\n\t\t\t\t\t\t\t<div class=\"elementor-icon-box-wrapper\">\n\n\t\t\t\n\t\t\t\t\t\t<div class=\"elementor-icon-box-content\">\n\n\t\t\t\t\t\t\t\t\t<h3 class=\"elementor-icon-box-title\">\n\t\t\t\t\t\t<span  >\n\t\t\t\t\t\t\tBanners y Publicidad Gr\u00e1fica\t\t\t\t\t\t<\/span>\n\t\t\t\t\t<\/h3>\n\t\t\t\t\n\t\t\t\t\t\t\t\t\t<p class=\"elementor-icon-box-description\">\n\t\t\t\t\t\tEn <strong data-start=\"157\" data-end=\"191\">Kalule Rider<\/strong>, hacemos realidad los dise\u00f1os que tienes en mente. Nuestro equipo de expertos en dise\u00f1o gr\u00e1fico se encargan de transformar tus ideas en creaciones \u00fanicas y profesionales, adaptadas a tus necesidades y estilo.<span style=\"font-style: inherit; font-weight: inherit; background-color: var(--ast-global-color-4); color: var(--ast-global-color-3);\"><\/span><\/p>\t\t\t\t\t<\/p>\n\t\t\t\t\n\t\t\t<\/div>\n\t\t\t\n\t\t<\/div>\n\t\t\t\t\t\t<\/div>\n\t\t\t\t<\/div>\n\t\t\t\t\t<\/div>\n\t\t<\/div>\n\t\t\t\t<div class=\"elementor-column elementor-col-33 elementor-inner-column elementor-element elementor-element-4a0f1eb8\" data-id=\"4a0f1eb8\" data-element_type=\"column\">\n\t\t\t<div class=\"elementor-widget-wrap elementor-element-populated\">\n\t\t\t\t\t\t<div class=\"elementor-element elementor-element-1b9d052 elementor-widget elementor-widget-icon-box\" data-id=\"1b9d052\" data-element_type=\"widget\" data-widget_type=\"icon-box.default\">\n\t\t\t\t<div class=\"elementor-widget-container\">\n\t\t\t\t\t\t\t<div class=\"elementor-icon-box-wrapper\">\n\n\t\t\t\n\t\t\t\t\t\t<div class=\"elementor-icon-box-content\">\n\n\t\t\t\t\t\t\t\t\t<h3 class=\"elementor-icon-box-title\">\n\t\t\t\t\t\t<span  >\n\t\t\t\t\t\t\tMerchandising Personalizado\t\t\t\t\t\t<\/span>\n\t\t\t\t\t<\/h3>\n\t\t\t\t\n\t\t\t\t\t\t\t\t\t<p class=\"elementor-icon-box-description\">\n\t\t\t\t\t\tEn <strong data-start=\"157\" data-end=\"191\">Kalule Rider<\/strong> damos forma a tus ideas con dise\u00f1os \u00fanicos y personalizados para plasmar en los elementos que imagines. Desde camisetas y gorras hasta tazas, stickers y mucho m\u00e1s, creamos dise\u00f1os impactantes que se adaptan a cualquier producto.\n\t\t\t\t\t<\/p>\n\t\t\t\t\n\t\t\t<\/div>\n\t\t\t\n\t\t<\/div>\n\t\t\t\t\t\t<\/div>\n\t\t\t\t<\/div>\n\t\t\t\t\t<\/div>\n\t\t<\/div>\n\t\t\t\t\t<\/div>\n\t\t<\/section>\n\t\t\t\t\t<\/div>\n\t\t<\/div>\n\t\t\t\t\t<\/div>\n\t\t<\/section>\n\t\t\t\t<section class=\"elementor-section elementor-top-section elementor-element elementor-element-2f793781 elementor-section-stretched elementor-section-boxed elementor-section-height-default elementor-section-height-default\" data-id=\"2f793781\" data-element_type=\"section\" data-settings=\"{&quot;background_background&quot;:&quot;gradient&quot;,&quot;stretch_section&quot;:&quot;section-stretched&quot;}\">\n\t\t\t\t\t\t\t<div class=\"elementor-background-overlay\"><\/div>\n\t\t\t\t\t\t\t<div class=\"elementor-container elementor-column-gap-no\">\n\t\t\t\t\t<div class=\"elementor-column elementor-col-100 elementor-top-column elementor-element elementor-element-3f4681cb\" data-id=\"3f4681cb\" data-element_type=\"column\">\n\t\t\t<div class=\"elementor-widget-wrap\">\n\t\t\t\t\t\t\t<\/div>\n\t\t<\/div>\n\t\t\t\t\t<\/div>\n\t\t<\/section>\n\t\t\t\t<\/div>\n\t\t","protected":false},"excerpt":{"rendered":"<p>Dale visibilidad a tu marca con soluciones personalizadas de alta calidad Ofrecemos impresi\u00f3n digital, rotulaci\u00f3n y m\u00e1s para destacar tu [&hellip;]<\/p>\n","protected":false},"author":1,"featured_media":0,"parent":0,"menu_order":0,"comment_status":"closed","ping_status":"closed","template":"elementor_header_footer","meta":{"site-sidebar-layout":"default","site-content-layout":"","ast-site-content-layout":"","site-content-style":"default","site-sidebar-style":"default","ast-global-header-display":"","ast-banner-title-visibility":"","ast-main-header-display":"","ast-hfb-above-header-display":"","ast-hfb-below-header-display":"","ast-hfb-mobile-header-display":"","site-post-title":"","ast-breadcrumbs-content":"","ast-featured-img":"","footer-sml-layout":"","theme-transparent-header-meta":"","adv-header-id-meta":"","stick-header-meta":"","header-above-stick-meta":"","header-main-stick-meta":"","header-below-stick-meta":"","astra-migrate-meta-layouts":"default","ast-page-background-enabled":"default","ast-page-background-meta":{"desktop":{"background-color":"var(--ast-global-color-5)","background-image":"","background-repeat":"repeat","background-position":"center center","background-size":"auto","background-attachment":"scroll","background-type":"","background-media":"","overlay-type":"","overlay-color":"","overlay-opacity":"","overlay-gradient":""},"tablet":{"background-color":"","background-image":"","background-repeat":"repeat","background-position":"center center","background-size":"auto","background-attachment":"scroll","background-type":"","background-media":"","overlay-type":"","overlay-color":"","overlay-opacity":"","overlay-gradient":""},"mobile":{"background-color":"","background-image":"","background-repeat":"repeat","background-position":"center center","background-size":"auto","background-attachment":"scroll","background-type":"","background-media":"","overlay-type":"","overlay-color":"","overlay-opacity":"","overlay-gradient":""}},"ast-content-background-meta":{"desktop":{"background-color":"var(--ast-global-color-4)","background-image":"","background-repeat":"repeat","background-position":"center center","background-size":"auto","background-attachment":"scroll","background-type":"","background-media":"","overlay-type":"","overlay-color":"","overlay-opacity":"","overlay-gradient":""},"tablet":{"background-color":"var(--ast-global-color-4)","background-image":"","background-repeat":"repeat","background-position":"center center","background-size":"auto","background-attachment":"scroll","background-type":"","background-media":"","overlay-type":"","overlay-color":"","overlay-opacity":"","overlay-gradient":""},"mobile":{"background-color":"var(--ast-global-color-4)","background-image":"","background-repeat":"repeat","background-position":"center center","background-size":"auto","background-attachment":"scroll","background-type":"","background-media":"","overlay-type":"","overlay-color":"","overlay-opacity":"","overlay-gradient":""}},"_themeisle_gutenberg_block_has_review":false,"footnotes":""},"class_list":["post-1647","page","type-page","status-publish","hentry"],"yoast_head":"<!-- This site is optimized with the Yoast SEO plugin v24.5 - https:\/\/yoast.com\/wordpress\/plugins\/seo\/ -->\n<title>Servicios -<\/title>\n<meta name=\"robots\" content=\"index, follow, max-snippet:-1, max-image-preview:large, max-video-preview:-1\" \/>\n<link rel=\"canonical\" href=\"https:\/\/kaluleriderprint.com\/index.php\/servicios\/\" \/>\n<meta property=\"og:locale\" content=\"es_ES\" \/>\n<meta property=\"og:type\" content=\"article\" \/>\n<meta property=\"og:title\" content=\"Servicios -\" \/>\n<meta property=\"og:description\" content=\"Dale visibilidad a tu marca con soluciones personalizadas de alta calidad Ofrecemos impresi\u00f3n digital, rotulaci\u00f3n y m\u00e1s para destacar tu [&hellip;]\" \/>\n<meta property=\"og:url\" content=\"https:\/\/kaluleriderprint.com\/index.php\/servicios\/\" \/>\n<meta property=\"article:modified_time\" content=\"2025-03-04T01:06:37+00:00\" \/>\n<meta property=\"og:image\" content=\"https:\/\/kaluleriderprint.com\/wp-content\/uploads\/2025\/02\/Diseno-sin-titulo-1024x682.jpg\" \/>\n<meta name=\"twitter:card\" content=\"summary_large_image\" \/>\n<meta name=\"twitter:label1\" content=\"Tiempo de lectura\" \/>\n\t<meta name=\"twitter:data1\" content=\"1 minuto\" \/>\n<script type=\"application\/ld+json\" class=\"yoast-schema-graph\">{\"@context\":\"https:\/\/schema.org\",\"@graph\":[{\"@type\":\"WebPage\",\"@id\":\"https:\/\/kaluleriderprint.com\/index.php\/servicios\/\",\"url\":\"https:\/\/kaluleriderprint.com\/index.php\/servicios\/\",\"name\":\"Servicios -\",\"isPartOf\":{\"@id\":\"https:\/\/kaluleriderprint.com\/#website\"},\"primaryImageOfPage\":{\"@id\":\"https:\/\/kaluleriderprint.com\/index.php\/servicios\/#primaryimage\"},\"image\":{\"@id\":\"https:\/\/kaluleriderprint.com\/index.php\/servicios\/#primaryimage\"},\"thumbnailUrl\":\"https:\/\/kaluleriderprint.com\/wp-content\/uploads\/2025\/02\/Diseno-sin-titulo-1024x682.jpg\",\"datePublished\":\"2025-02-27T17:07:55+00:00\",\"dateModified\":\"2025-03-04T01:06:37+00:00\",\"breadcrumb\":{\"@id\":\"https:\/\/kaluleriderprint.com\/index.php\/servicios\/#breadcrumb\"},\"inLanguage\":\"es-CO\",\"potentialAction\":[{\"@type\":\"ReadAction\",\"target\":[\"https:\/\/kaluleriderprint.com\/index.php\/servicios\/\"]}]},{\"@type\":\"ImageObject\",\"inLanguage\":\"es-CO\",\"@id\":\"https:\/\/kaluleriderprint.com\/index.php\/servicios\/#primaryimage\",\"url\":\"https:\/\/kaluleriderprint.com\/wp-content\/uploads\/2025\/02\/Diseno-sin-titulo.jpg\",\"contentUrl\":\"https:\/\/kaluleriderprint.com\/wp-content\/uploads\/2025\/02\/Diseno-sin-titulo.jpg\",\"width\":1513,\"height\":1007,\"caption\":\"Brandeo\"},{\"@type\":\"BreadcrumbList\",\"@id\":\"https:\/\/kaluleriderprint.com\/index.php\/servicios\/#breadcrumb\",\"itemListElement\":[{\"@type\":\"ListItem\",\"position\":1,\"name\":\"Inicio\",\"item\":\"https:\/\/kaluleriderprint.com\/\"},{\"@type\":\"ListItem\",\"position\":2,\"name\":\"Servicios\"}]},{\"@type\":\"WebSite\",\"@id\":\"https:\/\/kaluleriderprint.com\/#website\",\"url\":\"https:\/\/kaluleriderprint.com\/\",\"name\":\"\",\"description\":\"Dise\u00f1amos e imprimimos materiales publicitarios que atrae la atenci\u00f3n y generan nuevos clientes\",\"potentialAction\":[{\"@type\":\"SearchAction\",\"target\":{\"@type\":\"EntryPoint\",\"urlTemplate\":\"https:\/\/kaluleriderprint.com\/?s={search_term_string}\"},\"query-input\":{\"@type\":\"PropertyValueSpecification\",\"valueRequired\":true,\"valueName\":\"search_term_string\"}}],\"inLanguage\":\"es-CO\"}]}<\/script>\n<!-- \/ Yoast SEO plugin. -->","yoast_head_json":{"title":"Servicios -","robots":{"index":"index","follow":"follow","max-snippet":"max-snippet:-1","max-image-preview":"max-image-preview:large","max-video-preview":"max-video-preview:-1"},"canonical":"https:\/\/kaluleriderprint.com\/index.php\/servicios\/","og_locale":"es_ES","og_type":"article","og_title":"Servicios -","og_description":"Dale visibilidad a tu marca con soluciones personalizadas de alta calidad Ofrecemos impresi\u00f3n digital, rotulaci\u00f3n y m\u00e1s para destacar tu [&hellip;]","og_url":"https:\/\/kaluleriderprint.com\/index.php\/servicios\/","article_modified_time":"2025-03-04T01:06:37+00:00","og_image":[{"url":"https:\/\/kaluleriderprint.com\/wp-content\/uploads\/2025\/02\/Diseno-sin-titulo-1024x682.jpg","type":"","width":"","height":""}],"twitter_card":"summary_large_image","twitter_misc":{"Tiempo de lectura":"1 minuto"},"schema":{"@context":"https:\/\/schema.org","@graph":[{"@type":"WebPage","@id":"https:\/\/kaluleriderprint.com\/index.php\/servicios\/","url":"https:\/\/kaluleriderprint.com\/index.php\/servicios\/","name":"Servicios -","isPartOf":{"@id":"https:\/\/kaluleriderprint.com\/#website"},"primaryImageOfPage":{"@id":"https:\/\/kaluleriderprint.com\/index.php\/servicios\/#primaryimage"},"image":{"@id":"https:\/\/kaluleriderprint.com\/index.php\/servicios\/#primaryimage"},"thumbnailUrl":"https:\/\/kaluleriderprint.com\/wp-content\/uploads\/2025\/02\/Diseno-sin-titulo-1024x682.jpg","datePublished":"2025-02-27T17:07:55+00:00","dateModified":"2025-03-04T01:06:37+00:00","breadcrumb":{"@id":"https:\/\/kaluleriderprint.com\/index.php\/servicios\/#breadcrumb"},"inLanguage":"es-CO","potentialAction":[{"@type":"ReadAction","target":["https:\/\/kaluleriderprint.com\/index.php\/servicios\/"]}]},{"@type":"ImageObject","inLanguage":"es-CO","@id":"https:\/\/kaluleriderprint.com\/index.php\/servicios\/#primaryimage","url":"https:\/\/kaluleriderprint.com\/wp-content\/uploads\/2025\/02\/Diseno-sin-titulo.jpg","contentUrl":"https:\/\/kaluleriderprint.com\/wp-content\/uploads\/2025\/02\/Diseno-sin-titulo.jpg","width":1513,"height":1007,"caption":"Brandeo"},{"@type":"BreadcrumbList","@id":"https:\/\/kaluleriderprint.com\/index.php\/servicios\/#breadcrumb","itemListElement":[{"@type":"ListItem","position":1,"name":"Inicio","item":"https:\/\/kaluleriderprint.com\/"},{"@type":"ListItem","position":2,"name":"Servicios"}]},{"@type":"WebSite","@id":"https:\/\/kaluleriderprint.com\/#website","url":"https:\/\/kaluleriderprint.com\/","name":"","description":"Dise\u00f1amos e imprimimos materiales publicitarios que atrae la atenci\u00f3n y generan nuevos clientes","potentialAction":[{"@type":"SearchAction","target":{"@type":"EntryPoint","urlTemplate":"https:\/\/kaluleriderprint.com\/?s={search_term_string}"},"query-input":{"@type":"PropertyValueSpecification","valueRequired":true,"valueName":"search_term_string"}}],"inLanguage":"es-CO"}]}},"_links":{"self":[{"href":"https:\/\/kaluleriderprint.com\/index.php\/wp-json\/wp\/v2\/pages\/1647","targetHints":{"allow":["GET"]}}],"collection":[{"href":"https:\/\/kaluleriderprint.com\/index.php\/wp-json\/wp\/v2\/pages"}],"about":[{"href":"https:\/\/kaluleriderprint.com\/index.php\/wp-json\/wp\/v2\/types\/page"}],"author":[{"embeddable":true,"href":"https:\/\/kaluleriderprint.com\/index.php\/wp-json\/wp\/v2\/users\/1"}],"replies":[{"embeddable":true,"href":"https:\/\/kaluleriderprint.com\/index.php\/wp-json\/wp\/v2\/comments?post=1647"}],"version-history":[{"count":73,"href":"https:\/\/kaluleriderprint.com\/index.php\/wp-json\/wp\/v2\/pages\/1647\/revisions"}],"predecessor-version":[{"id":2167,"href":"https:\/\/kaluleriderprint.com\/index.php\/wp-json\/wp\/v2\/pages\/1647\/revisions\/2167"}],"wp:attachment":[{"href":"https:\/\/kaluleriderprint.com\/index.php\/wp-json\/wp\/v2\/media?parent=1647"}],"curies":[{"name":"wp","href":"https:\/\/api.w.org\/{rel}","templated":true}]}}